{"id":6310,"date":"2021-07-14T13:35:12","date_gmt":"2021-07-14T11:35:12","guid":{"rendered":"https:\/\/kkp.kolomaz.sk\/technical-equipment\/"},"modified":"2021-07-14T13:35:12","modified_gmt":"2021-07-14T11:35:12","slug":"technical-equipment","status":"publish","type":"page","link":"https:\/\/kkp.kolomaz.sk\/en\/technical-equipment\/","title":{"rendered":"Technical equipment"},"content":{"rendered":"<div class=\"wpb-content-wrapper\"><p>[vc_row][vc_column width=&#8221;1\/1&#8243;][vc_custom_heading]<\/p>\n<h3>Technical equipment<\/h3>\n<p>[\/vc_custom_heading][\/vc_column][\/vc_row][vc_row][vc_column width=&#8221;1\/4&#8243;][vc_column_text uncode_shortcode_id=&#8221;160775&#8243;]<a href=\"https:\/\/kkp.kolomaz.sk\/portfolio\/zvukova-technika\/\"><img decoding=\"async\" class=\"alignnone wp-image-5926 size-full\" src=\"http:\/\/kkp.kolomaz.sk\/wp-content\/uploads\/2022\/10\/zvukova-technika_image_01.jpg\" alt=\"\" width=\"250\" height=\"250\" srcset=\"https:\/\/kkp.kolomaz.sk\/wp-content\/uploads\/2022\/10\/zvukova-technika_image_01.jpg 250w, https:\/\/kkp.kolomaz.sk\/wp-content\/uploads\/2022\/10\/zvukova-technika_image_01-150x150.jpg 150w\" sizes=\"(max-width: 250px) 100vw, 250px\" \/><\/a>[\/vc_column_text][\/vc_column][vc_column width=&#8221;1\/4&#8243;][vc_column_text uncode_shortcode_id=&#8221;165616&#8243;]<a href=\"https:\/\/kkp.kolomaz.sk\/portfolio\/scenicke-osvetlenie\/\"><img decoding=\"async\" class=\"alignnone size-full wp-image-5919\" src=\"http:\/\/kkp.kolomaz.sk\/wp-content\/uploads\/2022\/10\/svetlena-technika_image_01.jpg\" alt=\"\" width=\"250\" height=\"250\" srcset=\"https:\/\/kkp.kolomaz.sk\/wp-content\/uploads\/2022\/10\/svetlena-technika_image_01.jpg 250w, https:\/\/kkp.kolomaz.sk\/wp-content\/uploads\/2022\/10\/svetlena-technika_image_01-150x150.jpg 150w\" sizes=\"(max-width: 250px) 100vw, 250px\" \/><\/a>[\/vc_column_text][\/vc_column][vc_column width=&#8221;1\/4&#8243;][vc_column_text uncode_shortcode_id=&#8221;273663&#8243;]<a href=\"https:\/\/kkp.kolomaz.sk\/portfolio\/streamovacia-technika\/\"><img decoding=\"async\" class=\"alignnone size-full wp-image-5921\" src=\"http:\/\/kkp.kolomaz.sk\/wp-content\/uploads\/2022\/10\/stremaovacia-technika_image_01.jpg\" alt=\"\" width=\"250\" height=\"250\" srcset=\"https:\/\/kkp.kolomaz.sk\/wp-content\/uploads\/2022\/10\/stremaovacia-technika_image_01.jpg 250w, https:\/\/kkp.kolomaz.sk\/wp-content\/uploads\/2022\/10\/stremaovacia-technika_image_01-150x150.jpg 150w\" sizes=\"(max-width: 250px) 100vw, 250px\" \/><\/a>[\/vc_column_text][\/vc_column][vc_column width=&#8221;1\/4&#8243;][vc_column_text uncode_shortcode_id=&#8221;207228&#8243;]<a href=\"https:\/\/kkp.kolomaz.sk\/portfolio\/scenicka-mechanika\/\"><img decoding=\"async\" class=\"alignnone wp-image-5928 size-full\" src=\"http:\/\/kkp.kolomaz.sk\/wp-content\/uploads\/2022\/10\/mechanika_image_01-1.jpg\" alt=\"\" width=\"250\" height=\"250\" srcset=\"https:\/\/kkp.kolomaz.sk\/wp-content\/uploads\/2022\/10\/mechanika_image_01-1.jpg 250w, https:\/\/kkp.kolomaz.sk\/wp-content\/uploads\/2022\/10\/mechanika_image_01-1-150x150.jpg 150w\" sizes=\"(max-width: 250px) 100vw, 250px\" \/><\/a>[\/vc_column_text][\/vc_column][\/vc_row]<\/p>\n<\/div>","protected":false},"excerpt":{"rendered":"<p>[vc_row][vc_column width=&#8221;1\/1&#8243;][vc_custom_heading] Technical equipment [\/vc_custom_heading][\/vc_column][\/vc_row][vc_row][vc_column width=&#8221;1\/4&#8243;][vc_column_text uncode_shortcode_id=&#8221;160775&#8243;][\/vc_column_text][\/vc_column][vc_column width=&#8221;1\/4&#8243;][vc_column_text uncode_shortcode_id=&#8221;165616&#8243;][\/vc_column_text][\/vc_column][vc_column width=&#8221;1\/4&#8243;][vc_column_text uncode_shortcode_id=&#8221;273663&#8243;][\/vc_column_text][\/vc_column][vc_column width=&#8221;1\/4&#8243;][vc_column_text uncode_shortcode_id=&#8221;207228&#8243;][\/vc_column_text][\/vc_column][\/vc_row]<\/p>\n","protected":false},"author":3,"featured_media":0,"parent":0,"menu_order":0,"comment_status":"closed","ping_status":"closed","template":"","meta":{"_acf_changed":false,"inline_featured_image":false,"footnotes":""},"class_list":["post-6310","page","type-page","status-publish","hentry"],"acf":[],"yoast_head":"<!-- This site is optimized with the Yoast SEO plugin v25.0 - https:\/\/yoast.com\/wordpress\/plugins\/seo\/ -->\n<title>Technical equipment - Koloma\u017e<\/title>\n<meta name=\"robots\" content=\"index, follow, max-snippet:-1, max-image-preview:large, max-video-preview:-1\" \/>\n<link rel=\"canonical\" href=\"https:\/\/kkp.kolomaz.sk\/en\/technical-equipment\/\" \/>\n<meta property=\"og:locale\" content=\"en_US\" \/>\n<meta property=\"og:type\" content=\"article\" \/>\n<meta property=\"og:title\" content=\"Technical equipment - Koloma\u017e\" \/>\n<meta property=\"og:description\" content=\"[vc_row][vc_column width=&#8221;1\/1&#8243;][vc_custom_heading] Technical equipment [\/vc_custom_heading][\/vc_column][\/vc_row][vc_row][vc_column width=&#8221;1\/4&#8243;][vc_column_text uncode_shortcode_id=&#8221;160775&#8243;][\/vc_column_text][\/vc_column][vc_column width=&#8221;1\/4&#8243;][vc_column_text uncode_shortcode_id=&#8221;165616&#8243;][\/vc_column_text][\/vc_column][vc_column width=&#8221;1\/4&#8243;][vc_column_text uncode_shortcode_id=&#8221;273663&#8243;][\/vc_column_text][\/vc_column][vc_column width=&#8221;1\/4&#8243;][vc_column_text uncode_shortcode_id=&#8221;207228&#8243;][\/vc_column_text][\/vc_column][\/vc_row]\" \/>\n<meta property=\"og:url\" content=\"https:\/\/kkp.kolomaz.sk\/en\/technical-equipment\/\" \/>\n<meta property=\"og:site_name\" content=\"Koloma\u017e\" \/>\n<meta property=\"og:image\" content=\"https:\/\/kkp.kolomaz.sk\/wp-content\/uploads\/2022\/10\/zvukova-technika_image_01.jpg\" \/>\n\t<meta property=\"og:image:width\" content=\"250\" \/>\n\t<meta property=\"og:image:height\" content=\"250\" \/>\n\t<meta property=\"og:image:type\" content=\"image\/jpeg\" \/>\n<meta name=\"twitter:card\" content=\"summary_large_image\" \/>\n<script type=\"application\/ld+json\" class=\"yoast-schema-graph\">{\"@context\":\"https:\/\/schema.org\",\"@graph\":[{\"@type\":\"WebPage\",\"@id\":\"https:\/\/kkp.kolomaz.sk\/en\/technical-equipment\/\",\"url\":\"https:\/\/kkp.kolomaz.sk\/en\/technical-equipment\/\",\"name\":\"Technical equipment - Koloma\u017e\",\"isPartOf\":{\"@id\":\"https:\/\/kkp.kolomaz.sk\/en\/#website\"},\"primaryImageOfPage\":{\"@id\":\"https:\/\/kkp.kolomaz.sk\/en\/technical-equipment\/#primaryimage\"},\"image\":{\"@id\":\"https:\/\/kkp.kolomaz.sk\/en\/technical-equipment\/#primaryimage\"},\"thumbnailUrl\":\"http:\/\/kkp.kolomaz.sk\/wp-content\/uploads\/2022\/10\/zvukova-technika_image_01.jpg\",\"datePublished\":\"2021-07-14T11:35:12+00:00\",\"breadcrumb\":{\"@id\":\"https:\/\/kkp.kolomaz.sk\/en\/technical-equipment\/#breadcrumb\"},\"inLanguage\":\"en-US\",\"potentialAction\":[{\"@type\":\"ReadAction\",\"target\":[\"https:\/\/kkp.kolomaz.sk\/en\/technical-equipment\/\"]}]},{\"@type\":\"ImageObject\",\"inLanguage\":\"en-US\",\"@id\":\"https:\/\/kkp.kolomaz.sk\/en\/technical-equipment\/#primaryimage\",\"url\":\"http:\/\/kkp.kolomaz.sk\/wp-content\/uploads\/2022\/10\/zvukova-technika_image_01.jpg\",\"contentUrl\":\"http:\/\/kkp.kolomaz.sk\/wp-content\/uploads\/2022\/10\/zvukova-technika_image_01.jpg\"},{\"@type\":\"BreadcrumbList\",\"@id\":\"https:\/\/kkp.kolomaz.sk\/en\/technical-equipment\/#breadcrumb\",\"itemListElement\":[{\"@type\":\"ListItem\",\"position\":1,\"name\":\"Home\",\"item\":\"https:\/\/kkp.kolomaz.sk\/en\/about-us\/\"},{\"@type\":\"ListItem\",\"position\":2,\"name\":\"Technical equipment\"}]},{\"@type\":\"WebSite\",\"@id\":\"https:\/\/kkp.kolomaz.sk\/en\/#website\",\"url\":\"https:\/\/kkp.kolomaz.sk\/en\/\",\"name\":\"Koloma\u017e\",\"description\":\"V\u00e1\u0161 event partner\",\"potentialAction\":[{\"@type\":\"SearchAction\",\"target\":{\"@type\":\"EntryPoint\",\"urlTemplate\":\"https:\/\/kkp.kolomaz.sk\/en\/?s={search_term_string}\"},\"query-input\":{\"@type\":\"PropertyValueSpecification\",\"valueRequired\":true,\"valueName\":\"search_term_string\"}}],\"inLanguage\":\"en-US\"}]}<\/script>\n<!-- \/ Yoast SEO plugin. -->","yoast_head_json":{"title":"Technical equipment - Koloma\u017e","robots":{"index":"index","follow":"follow","max-snippet":"max-snippet:-1","max-image-preview":"max-image-preview:large","max-video-preview":"max-video-preview:-1"},"canonical":"https:\/\/kkp.kolomaz.sk\/en\/technical-equipment\/","og_locale":"en_US","og_type":"article","og_title":"Technical equipment - Koloma\u017e","og_description":"[vc_row][vc_column width=&#8221;1\/1&#8243;][vc_custom_heading] Technical equipment [\/vc_custom_heading][\/vc_column][\/vc_row][vc_row][vc_column width=&#8221;1\/4&#8243;][vc_column_text uncode_shortcode_id=&#8221;160775&#8243;][\/vc_column_text][\/vc_column][vc_column width=&#8221;1\/4&#8243;][vc_column_text uncode_shortcode_id=&#8221;165616&#8243;][\/vc_column_text][\/vc_column][vc_column width=&#8221;1\/4&#8243;][vc_column_text uncode_shortcode_id=&#8221;273663&#8243;][\/vc_column_text][\/vc_column][vc_column width=&#8221;1\/4&#8243;][vc_column_text uncode_shortcode_id=&#8221;207228&#8243;][\/vc_column_text][\/vc_column][\/vc_row]","og_url":"https:\/\/kkp.kolomaz.sk\/en\/technical-equipment\/","og_site_name":"Koloma\u017e","og_image":[{"width":250,"height":250,"url":"https:\/\/kkp.kolomaz.sk\/wp-content\/uploads\/2022\/10\/zvukova-technika_image_01.jpg","type":"image\/jpeg"}],"twitter_card":"summary_large_image","schema":{"@context":"https:\/\/schema.org","@graph":[{"@type":"WebPage","@id":"https:\/\/kkp.kolomaz.sk\/en\/technical-equipment\/","url":"https:\/\/kkp.kolomaz.sk\/en\/technical-equipment\/","name":"Technical equipment - Koloma\u017e","isPartOf":{"@id":"https:\/\/kkp.kolomaz.sk\/en\/#website"},"primaryImageOfPage":{"@id":"https:\/\/kkp.kolomaz.sk\/en\/technical-equipment\/#primaryimage"},"image":{"@id":"https:\/\/kkp.kolomaz.sk\/en\/technical-equipment\/#primaryimage"},"thumbnailUrl":"http:\/\/kkp.kolomaz.sk\/wp-content\/uploads\/2022\/10\/zvukova-technika_image_01.jpg","datePublished":"2021-07-14T11:35:12+00:00","breadcrumb":{"@id":"https:\/\/kkp.kolomaz.sk\/en\/technical-equipment\/#breadcrumb"},"inLanguage":"en-US","potentialAction":[{"@type":"ReadAction","target":["https:\/\/kkp.kolomaz.sk\/en\/technical-equipment\/"]}]},{"@type":"ImageObject","inLanguage":"en-US","@id":"https:\/\/kkp.kolomaz.sk\/en\/technical-equipment\/#primaryimage","url":"http:\/\/kkp.kolomaz.sk\/wp-content\/uploads\/2022\/10\/zvukova-technika_image_01.jpg","contentUrl":"http:\/\/kkp.kolomaz.sk\/wp-content\/uploads\/2022\/10\/zvukova-technika_image_01.jpg"},{"@type":"BreadcrumbList","@id":"https:\/\/kkp.kolomaz.sk\/en\/technical-equipment\/#breadcrumb","itemListElement":[{"@type":"ListItem","position":1,"name":"Home","item":"https:\/\/kkp.kolomaz.sk\/en\/about-us\/"},{"@type":"ListItem","position":2,"name":"Technical equipment"}]},{"@type":"WebSite","@id":"https:\/\/kkp.kolomaz.sk\/en\/#website","url":"https:\/\/kkp.kolomaz.sk\/en\/","name":"Koloma\u017e","description":"V\u00e1\u0161 event partner","potentialAction":[{"@type":"SearchAction","target":{"@type":"EntryPoint","urlTemplate":"https:\/\/kkp.kolomaz.sk\/en\/?s={search_term_string}"},"query-input":{"@type":"PropertyValueSpecification","valueRequired":true,"valueName":"search_term_string"}}],"inLanguage":"en-US"}]}},"_links":{"self":[{"href":"https:\/\/kkp.kolomaz.sk\/en\/wp-json\/wp\/v2\/pages\/6310","targetHints":{"allow":["GET"]}}],"collection":[{"href":"https:\/\/kkp.kolomaz.sk\/en\/wp-json\/wp\/v2\/pages"}],"about":[{"href":"https:\/\/kkp.kolomaz.sk\/en\/wp-json\/wp\/v2\/types\/page"}],"author":[{"embeddable":true,"href":"https:\/\/kkp.kolomaz.sk\/en\/wp-json\/wp\/v2\/users\/3"}],"replies":[{"embeddable":true,"href":"https:\/\/kkp.kolomaz.sk\/en\/wp-json\/wp\/v2\/comments?post=6310"}],"version-history":[{"count":0,"href":"https:\/\/kkp.kolomaz.sk\/en\/wp-json\/wp\/v2\/pages\/6310\/revisions"}],"wp:attachment":[{"href":"https:\/\/kkp.kolomaz.sk\/en\/wp-json\/wp\/v2\/media?parent=6310"}],"curies":[{"name":"wp","href":"https:\/\/api.w.org\/{rel}","templated":true}]}}