{"id":6311,"date":"2020-07-27T14:10:34","date_gmt":"2020-07-27T12:10:34","guid":{"rendered":"https:\/\/kkp.kolomaz.sk\/projects-and-procurement\/"},"modified":"2020-07-27T14:10:34","modified_gmt":"2020-07-27T12:10:34","slug":"projects-and-procurement","status":"publish","type":"page","link":"https:\/\/kkp.kolomaz.sk\/en\/projects-and-procurement\/","title":{"rendered":"PROJECTS AND PROCUREMENT"},"content":{"rendered":"<div class=\"wpb-content-wrapper\"><p>[vc_row][vc_column width=&#8221;1\/1&#8243;][vc_custom_heading]<\/p>\n<h3>Projects and procurement<\/h3>\n<p>[\/vc_custom_heading][vc_column_text]<\/p>\n<h4><strong>Information on the implementation of the project &#8211; KOLOMA\u017d &#8211; performing arts support activities<\/strong><\/h4>\n<p><img decoding=\"async\" class=\"alignnone wp-image-5673 size-large\" src=\"http:\/\/kkp.kolomaz.sk\/wp-content\/uploads\/2021\/01\/loga-EU_IROP_MIIRI_spolu-1024x175.png\" alt=\"\" width=\"1024\" height=\"175\" srcset=\"https:\/\/kkp.kolomaz.sk\/wp-content\/uploads\/2021\/01\/loga-EU_IROP_MIIRI_spolu-1024x175.png 1024w, https:\/\/kkp.kolomaz.sk\/wp-content\/uploads\/2021\/01\/loga-EU_IROP_MIIRI_spolu-300x51.png 300w, https:\/\/kkp.kolomaz.sk\/wp-content\/uploads\/2021\/01\/loga-EU_IROP_MIIRI_spolu-768x132.png 768w, https:\/\/kkp.kolomaz.sk\/wp-content\/uploads\/2021\/01\/loga-EU_IROP_MIIRI_spolu.png 1191w\" sizes=\"(max-width: 1024px) 100vw, 1024px\" \/><\/p>\n<p>KOLOMA\u017d, s. r. o. has an approved project entitled <strong>&#8220;KOLOMA\u017d &#8211; Support activities related to performing arts&#8221;<\/strong>, for which it has received support from the European Union and national sources through the Integrated Regional Operational Programme (IROP)  <\/p>\n<p>Call code: IROP-PO3-SC31-2016-5<\/p>\n<p>Priority axis: 3. Mobilization of creative potential in the regions <\/p>\n<p>Specific objective: 3.1 Stimulating the promotion of sustainable employment and job creation in the cultural and creative industries through the creation of an enabling environment for the development of creative talent, non-technological innovation.<\/p>\n<p>The contract on the provision of the non-repayable financial contribution entered into force on 29.01.2020 and the approved amount of the contribution is EUR 166 808,71.<\/p>\n<p>Start of project implementation: 9.2020 &#8211; end of project implementation: 8.2021.<\/p>\n<p>The main objective of the project is to stimulate the promotion of sustainable employment and job creation in the cultural industries sector by creating an enabling environment through the implementation of key activities, for the development of creative talent and non-technological innovation. These objectives will be achieved through the acquisition of technical equipment and marketing activities. <\/p>\n<p>The project includes the following activities:<br \/>\n<strong>&#8211; Activity 1: Acquisition of tangible and intangible assets necessary for production and innovation<\/strong><br \/>\n<strong>&#8211; Activity 2: Support for marketing activities<\/strong><\/p>\n<hr>\n<h4><span style=\"color: #ff0000;\"><strong>Activity 1: Acquisition of tangible and intangible assets necessary for production and innovation<\/strong><\/span><\/h4>\n<p>Call for tender: KOLOMA\u017d &#8211; Performing arts support activities<br \/>\n<strong>Sound technology, stage lighting and streaming technology:<\/strong><\/p>\n<ul>\n<li><strong>Invitation to tender<\/strong><br \/>\n<a href=\"https:\/\/kkp.kolomaz.sk\/wp-content\/uploads\/2021\/03\/Priloha-7_Vyzva-na-predlozenie-ponuky-ZsNH-Tovar1-vzor.pdf\" target=\"_blank\" rel=\"noopener\"><span style=\"color: #0000ff;\">Annex 7_Invitation to tender (ZsNH) Tovar1 model.pdf<\/span><\/a><\/li>\n<li><strong>Sample contract of sale<\/strong><br \/>\n<a href=\"https:\/\/kkp.kolomaz.sk\/wp-content\/uploads\/2021\/03\/Kupna-zmluva-Tovar1.docx\" rel=\"noopener\"><span style=\"color: #0000ff;\">Purchase contract Tovar1.docx<\/span><\/a><\/li>\n<li><strong>List of devices<\/strong><br \/>\n<a href=\"https:\/\/kkp.kolomaz.sk\/wp-content\/uploads\/2021\/03\/Zoznam-zariadeni-ZOS-novy1.xls\" rel=\"noopener\"><span style=\"color: #0000ff;\">List of devices ZOS new1.xls<\/span><\/a><\/li>\n<li><strong>Purchase contract<\/strong><br \/>\n<a href=\"https:\/\/kkp.kolomaz.sk\/wp-content\/uploads\/2021\/07\/Zvukova-technika-KZ.pdf\" rel=\"noopener\"><span style=\"color: #0000ff;\">Sound equipment &#8211; KZ.pdf<\/span><\/a><\/li>\n<\/ul>\n<p>Call for tender: KOLOMA\u017d &#8211; Performing arts support activities<br \/>\n<strong>Scenic Mechanics:<\/strong><\/p>\n<ul>\n<li style=\"list-style-type: none;\">\n<ul>\n<li><strong>Invitation to tender<\/strong><br \/>\n<a href=\"https:\/\/kkp.kolomaz.sk\/wp-content\/uploads\/2021\/03\/Priloha-7_Vyzva-na-predlozenie-ponuky-ZsNH-Tovar2-vzor.pdf\" rel=\"noopener\"><span style=\"color: #0000ff;\">Annex 7_Invitation to tender (ZsNH) Tovar2 model.pdf<\/span><\/a><\/li>\n<li><strong>Sample contract of sale<\/strong><br \/>\n<a href=\"https:\/\/kkp.kolomaz.sk\/wp-content\/uploads\/2021\/03\/Kupna-zmluva-Tovar2.docx\" rel=\"noopener\"><span style=\"color: #0000ff;\">Purchase contract Tovar2.docx<\/span><\/a><\/li>\n<li><strong>List of devices<\/strong><br \/>\n<span style=\"color: #0000ff;\"><a style=\"color: #0000ff;\" href=\"http:\/\/kkp.kolomaz.sk\/wp-content\/uploads\/2021\/03\/Zoznam-zariadeni-Sc-mechanika-novy1.xls\" rel=\"noopener\">List of devices Sc mechanics new1.xls<\/a><\/span><\/li>\n<li><strong>Purchase contract<\/strong><br \/>\n<a href=\"https:\/\/kkp.kolomaz.sk\/wp-content\/uploads\/2021\/07\/Scenicka-mechanika-KZ.pdf\" rel=\"noopener\"><span style=\"color: #0000ff;\">Scenic mechanics &#8211; KZ.pdf<\/span><\/a><\/li>\n<\/ul>\n<\/li>\n<\/ul>\n<hr>\n<h4><span style=\"color: #ff0000;\"><strong>Activity 2: Support for marketing activities<\/strong><\/span><\/h4>\n<p><a href=\"https:\/\/www.kolomaz.sk\/wp-content\/uploads\/2020\/07\/KKP_objednavka_01.pdf\" rel=\"noopener\"><span style=\"color: #ff6600;\"><span style=\"color: #0000ff;\">Order no. 2020\/0101<\/span><\/span><\/a><br \/>\n<span style=\"color: #0000ff;\"><a style=\"color: #0000ff;\" href=\"https:\/\/www.kolomaz.sk\/wp-content\/uploads\/2020\/07\/KKP_objednavka_02.pdf\" rel=\"noopener\">Order no. 2020\/0102<\/a><\/span><br \/>\n<span style=\"color: #0000ff;\"><a style=\"color: #0000ff;\" href=\"https:\/\/www.kolomaz.sk\/wp-content\/uploads\/2020\/08\/Zmluva_marketing_01.pdf\">Contract marketing no. 2020\/0101<\/a><\/span><br \/>\n<span style=\"color: #0000ff;\"><a style=\"color: #0000ff;\" href=\"https:\/\/www.kolomaz.sk\/wp-content\/uploads\/2020\/12\/Dodatok-%C4%8D.-1_web.pdf\" rel=\"noopener\">Addendum No.1 to the contract No. 2020\/0101<\/a><\/span><br \/>\n<span style=\"color: #0000ff;\"><a style=\"color: #0000ff;\" href=\"https:\/\/www.kolomaz.sk\/wp-content\/uploads\/2020\/12\/Dodatok-%C4%8D.-2_web.pdf\" rel=\"noopener\">Supplement No.2 to the contract No. 2020\/0101<\/a><\/span><br \/>\n<span style=\"color: #0000ff;\"><a style=\"color: #0000ff;\" href=\"http:\/\/kkp.kolomaz.sk\/wp-content\/uploads\/2021\/07\/Dodatok-c.-3.pdf\" rel=\"noopener\">Addendum No.3 to the contract No. 2020\/0101<\/a><\/span>[\/vc_column_text][\/vc_column][\/vc_row]<\/p>\n<\/div>","protected":false},"excerpt":{"rendered":"<p>[vc_row][vc_column width=&#8221;1\/1&#8243;][vc_custom_heading] Projects and procurement [\/vc_custom_heading][vc_column_text] Information on the implementation of the project &#8211; KOLOMA\u017d &#8211; performing arts support activities [&hellip;]<\/p>\n","protected":false},"author":3,"featured_media":0,"parent":0,"menu_order":0,"comment_status":"closed","ping_status":"closed","template":"","meta":{"_acf_changed":false,"inline_featured_image":false,"footnotes":""},"class_list":["post-6311","page","type-page","status-publish","hentry"],"acf":[],"yoast_head":"<!-- This site is optimized with the Yoast SEO plugin v25.0 - https:\/\/yoast.com\/wordpress\/plugins\/seo\/ -->\n<title>PROJECTS AND PROCUREMENT - Koloma\u017e<\/title>\n<meta name=\"robots\" content=\"index, follow, max-snippet:-1, max-image-preview:large, max-video-preview:-1\" \/>\n<link rel=\"canonical\" href=\"https:\/\/kkp.kolomaz.sk\/en\/projects-and-procurement\/\" \/>\n<meta property=\"og:locale\" content=\"en_US\" \/>\n<meta property=\"og:type\" content=\"article\" \/>\n<meta property=\"og:title\" content=\"PROJECTS AND PROCUREMENT - Koloma\u017e\" \/>\n<meta property=\"og:description\" content=\"[vc_row][vc_column width=&#8221;1\/1&#8243;][vc_custom_heading] Projects and procurement [\/vc_custom_heading][vc_column_text] Information on the implementation of the project &#8211; KOLOMA\u017d &#8211; performing arts support activities [&hellip;]\" \/>\n<meta property=\"og:url\" content=\"https:\/\/kkp.kolomaz.sk\/en\/projects-and-procurement\/\" \/>\n<meta property=\"og:site_name\" content=\"Koloma\u017e\" \/>\n<meta property=\"og:image\" content=\"https:\/\/kkp.kolomaz.sk\/wp-content\/uploads\/2021\/01\/loga-EU_IROP_MIIRI_spolu.png\" \/>\n\t<meta property=\"og:image:width\" content=\"1191\" \/>\n\t<meta property=\"og:image:height\" content=\"204\" \/>\n\t<meta property=\"og:image:type\" content=\"image\/png\" \/>\n<meta name=\"twitter:card\" content=\"summary_large_image\" \/>\n<meta name=\"twitter:label1\" content=\"Est. reading time\" \/>\n\t<meta name=\"twitter:data1\" content=\"2 minutes\" \/>\n<script type=\"application\/ld+json\" class=\"yoast-schema-graph\">{\"@context\":\"https:\/\/schema.org\",\"@graph\":[{\"@type\":\"WebPage\",\"@id\":\"https:\/\/kkp.kolomaz.sk\/en\/projects-and-procurement\/\",\"url\":\"https:\/\/kkp.kolomaz.sk\/en\/projects-and-procurement\/\",\"name\":\"PROJECTS AND PROCUREMENT - Koloma\u017e\",\"isPartOf\":{\"@id\":\"https:\/\/kkp.kolomaz.sk\/en\/#website\"},\"primaryImageOfPage\":{\"@id\":\"https:\/\/kkp.kolomaz.sk\/en\/projects-and-procurement\/#primaryimage\"},\"image\":{\"@id\":\"https:\/\/kkp.kolomaz.sk\/en\/projects-and-procurement\/#primaryimage\"},\"thumbnailUrl\":\"http:\/\/kkp.kolomaz.sk\/wp-content\/uploads\/2021\/01\/loga-EU_IROP_MIIRI_spolu-1024x175.png\",\"datePublished\":\"2020-07-27T12:10:34+00:00\",\"breadcrumb\":{\"@id\":\"https:\/\/kkp.kolomaz.sk\/en\/projects-and-procurement\/#breadcrumb\"},\"inLanguage\":\"en-US\",\"potentialAction\":[{\"@type\":\"ReadAction\",\"target\":[\"https:\/\/kkp.kolomaz.sk\/en\/projects-and-procurement\/\"]}]},{\"@type\":\"ImageObject\",\"inLanguage\":\"en-US\",\"@id\":\"https:\/\/kkp.kolomaz.sk\/en\/projects-and-procurement\/#primaryimage\",\"url\":\"http:\/\/kkp.kolomaz.sk\/wp-content\/uploads\/2021\/01\/loga-EU_IROP_MIIRI_spolu-1024x175.png\",\"contentUrl\":\"http:\/\/kkp.kolomaz.sk\/wp-content\/uploads\/2021\/01\/loga-EU_IROP_MIIRI_spolu-1024x175.png\"},{\"@type\":\"BreadcrumbList\",\"@id\":\"https:\/\/kkp.kolomaz.sk\/en\/projects-and-procurement\/#breadcrumb\",\"itemListElement\":[{\"@type\":\"ListItem\",\"position\":1,\"name\":\"Home\",\"item\":\"https:\/\/kkp.kolomaz.sk\/en\/about-us\/\"},{\"@type\":\"ListItem\",\"position\":2,\"name\":\"PROJECTS AND PROCUREMENT\"}]},{\"@type\":\"WebSite\",\"@id\":\"https:\/\/kkp.kolomaz.sk\/en\/#website\",\"url\":\"https:\/\/kkp.kolomaz.sk\/en\/\",\"name\":\"Koloma\u017e\",\"description\":\"V\u00e1\u0161 event partner\",\"potentialAction\":[{\"@type\":\"SearchAction\",\"target\":{\"@type\":\"EntryPoint\",\"urlTemplate\":\"https:\/\/kkp.kolomaz.sk\/en\/?s={search_term_string}\"},\"query-input\":{\"@type\":\"PropertyValueSpecification\",\"valueRequired\":true,\"valueName\":\"search_term_string\"}}],\"inLanguage\":\"en-US\"}]}<\/script>\n<!-- \/ Yoast SEO plugin. -->","yoast_head_json":{"title":"PROJECTS AND PROCUREMENT - Koloma\u017e","robots":{"index":"index","follow":"follow","max-snippet":"max-snippet:-1","max-image-preview":"max-image-preview:large","max-video-preview":"max-video-preview:-1"},"canonical":"https:\/\/kkp.kolomaz.sk\/en\/projects-and-procurement\/","og_locale":"en_US","og_type":"article","og_title":"PROJECTS AND PROCUREMENT - Koloma\u017e","og_description":"[vc_row][vc_column width=&#8221;1\/1&#8243;][vc_custom_heading] Projects and procurement [\/vc_custom_heading][vc_column_text] Information on the implementation of the project &#8211; KOLOMA\u017d &#8211; performing arts support activities [&hellip;]","og_url":"https:\/\/kkp.kolomaz.sk\/en\/projects-and-procurement\/","og_site_name":"Koloma\u017e","og_image":[{"width":1191,"height":204,"url":"https:\/\/kkp.kolomaz.sk\/wp-content\/uploads\/2021\/01\/loga-EU_IROP_MIIRI_spolu.png","type":"image\/png"}],"twitter_card":"summary_large_image","twitter_misc":{"Est. reading time":"2 minutes"},"schema":{"@context":"https:\/\/schema.org","@graph":[{"@type":"WebPage","@id":"https:\/\/kkp.kolomaz.sk\/en\/projects-and-procurement\/","url":"https:\/\/kkp.kolomaz.sk\/en\/projects-and-procurement\/","name":"PROJECTS AND PROCUREMENT - Koloma\u017e","isPartOf":{"@id":"https:\/\/kkp.kolomaz.sk\/en\/#website"},"primaryImageOfPage":{"@id":"https:\/\/kkp.kolomaz.sk\/en\/projects-and-procurement\/#primaryimage"},"image":{"@id":"https:\/\/kkp.kolomaz.sk\/en\/projects-and-procurement\/#primaryimage"},"thumbnailUrl":"http:\/\/kkp.kolomaz.sk\/wp-content\/uploads\/2021\/01\/loga-EU_IROP_MIIRI_spolu-1024x175.png","datePublished":"2020-07-27T12:10:34+00:00","breadcrumb":{"@id":"https:\/\/kkp.kolomaz.sk\/en\/projects-and-procurement\/#breadcrumb"},"inLanguage":"en-US","potentialAction":[{"@type":"ReadAction","target":["https:\/\/kkp.kolomaz.sk\/en\/projects-and-procurement\/"]}]},{"@type":"ImageObject","inLanguage":"en-US","@id":"https:\/\/kkp.kolomaz.sk\/en\/projects-and-procurement\/#primaryimage","url":"http:\/\/kkp.kolomaz.sk\/wp-content\/uploads\/2021\/01\/loga-EU_IROP_MIIRI_spolu-1024x175.png","contentUrl":"http:\/\/kkp.kolomaz.sk\/wp-content\/uploads\/2021\/01\/loga-EU_IROP_MIIRI_spolu-1024x175.png"},{"@type":"BreadcrumbList","@id":"https:\/\/kkp.kolomaz.sk\/en\/projects-and-procurement\/#breadcrumb","itemListElement":[{"@type":"ListItem","position":1,"name":"Home","item":"https:\/\/kkp.kolomaz.sk\/en\/about-us\/"},{"@type":"ListItem","position":2,"name":"PROJECTS AND PROCUREMENT"}]},{"@type":"WebSite","@id":"https:\/\/kkp.kolomaz.sk\/en\/#website","url":"https:\/\/kkp.kolomaz.sk\/en\/","name":"Koloma\u017e","description":"V\u00e1\u0161 event partner","potentialAction":[{"@type":"SearchAction","target":{"@type":"EntryPoint","urlTemplate":"https:\/\/kkp.kolomaz.sk\/en\/?s={search_term_string}"},"query-input":{"@type":"PropertyValueSpecification","valueRequired":true,"valueName":"search_term_string"}}],"inLanguage":"en-US"}]}},"_links":{"self":[{"href":"https:\/\/kkp.kolomaz.sk\/en\/wp-json\/wp\/v2\/pages\/6311","targetHints":{"allow":["GET"]}}],"collection":[{"href":"https:\/\/kkp.kolomaz.sk\/en\/wp-json\/wp\/v2\/pages"}],"about":[{"href":"https:\/\/kkp.kolomaz.sk\/en\/wp-json\/wp\/v2\/types\/page"}],"author":[{"embeddable":true,"href":"https:\/\/kkp.kolomaz.sk\/en\/wp-json\/wp\/v2\/users\/3"}],"replies":[{"embeddable":true,"href":"https:\/\/kkp.kolomaz.sk\/en\/wp-json\/wp\/v2\/comments?post=6311"}],"version-history":[{"count":0,"href":"https:\/\/kkp.kolomaz.sk\/en\/wp-json\/wp\/v2\/pages\/6311\/revisions"}],"wp:attachment":[{"href":"https:\/\/kkp.kolomaz.sk\/en\/wp-json\/wp\/v2\/media?parent=6311"}],"curies":[{"name":"wp","href":"https:\/\/api.w.org\/{rel}","templated":true}]}}