{"id":6313,"date":"2021-07-12T13:25:04","date_gmt":"2021-07-12T11:25:04","guid":{"rendered":"https:\/\/kkp.kolomaz.sk\/offer\/"},"modified":"2021-07-12T13:25:04","modified_gmt":"2021-07-12T11:25:04","slug":"offer","status":"publish","type":"page","link":"https:\/\/kkp.kolomaz.sk\/en\/offer\/","title":{"rendered":"Offer"},"content":{"rendered":"<div class=\"wpb-content-wrapper\"><p>[vc_row][vc_column width=&#8221;1\/1&#8243;][vc_custom_heading]<\/p>\n<h3>Offer of services<\/h3>\n<p>[\/vc_custom_heading][vc_column_text uncode_shortcode_id=&#8221;456661&#8243;]<a href=\"https:\/\/kkp.kolomaz.sk\/druzba-drama-studio\/\"><img decoding=\"async\" class=\"size-medium wp-image-5987 alignleft\" style=\"margin-right: 40px; margin-bottom: 20px;\" src=\"http:\/\/kkp.kolomaz.sk\/wp-content\/uploads\/2023\/08\/DDS_fb_1200x630_orange_bordo-300x158.png\" alt=\"\" width=\"250\" height=\"auto\" srcset=\"https:\/\/kkp.kolomaz.sk\/wp-content\/uploads\/2023\/08\/DDS_fb_1200x630_orange_bordo-300x158.png 300w, https:\/\/kkp.kolomaz.sk\/wp-content\/uploads\/2023\/08\/DDS_fb_1200x630_orange_bordo-1024x538.png 1024w, https:\/\/kkp.kolomaz.sk\/wp-content\/uploads\/2023\/08\/DDS_fb_1200x630_orange_bordo-768x403.png 768w, https:\/\/kkp.kolomaz.sk\/wp-content\/uploads\/2023\/08\/DDS_fb_1200x630_orange_bordo-350x184.png 350w, https:\/\/kkp.kolomaz.sk\/wp-content\/uploads\/2023\/08\/DDS_fb_1200x630_orange_bordo.png 1200w\" sizes=\"(max-width: 300px) 100vw, 300px\" \/><\/a>We have been providing sound and lighting for cultural and community events since 2005. We specialize mainly in non-commercial events such as concerts, theatre performances, lectures, discussions, etc. In addition, we can offer and arrange presentations of products and services in a non-traditional artistic way.  [\/vc_column_text][\/vc_column][\/vc_row][vc_row][vc_column column_width_percent=&#8221;100&#8243; gutter_size=&#8221;3&#8243; overlay_alpha=&#8221;50&#8243; shift_x=&#8221;0&#8243; shift_y=&#8221;0&#8243; shift_y_down=&#8221;0&#8243; z_index=&#8221;0&#8243; medium_width=&#8221;0&#8243; mobile_width=&#8221;0&#8243; width=&#8221;1\/1&#8243;][vc_column_text]<\/p>\n<h5><strong>ARTISTIC EVENTS<\/strong><\/h5>\n<p>[\/vc_column_text][\/vc_column][\/vc_row][vc_row][vc_column width=&#8221;1\/4&#8243;][vc_column_text uncode_shortcode_id=&#8221;179368&#8243;]<img decoding=\"async\" class=\"alignnone wp-image-5822 size-full\" src=\"http:\/\/kkp.kolomaz.sk\/wp-content\/uploads\/2021\/07\/kkp-ponuka-eventy_pas_hudba.jpg\" alt=\"\" width=\"250\" height=\"100\">[\/vc_column_text][\/vc_column][vc_column width=&#8221;1\/4&#8243;][vc_column_text uncode_shortcode_id=&#8221;200861&#8243;]<img decoding=\"async\" class=\"alignnone wp-image-5821 size-full\" src=\"http:\/\/kkp.kolomaz.sk\/wp-content\/uploads\/2021\/07\/kkp-ponuka-eventy_pas_divadlo.jpg\" alt=\"\" width=\"250\" height=\"100\">[\/vc_column_text][\/vc_column][vc_column width=&#8221;1\/4&#8243;][vc_column_text uncode_shortcode_id=&#8221;769610&#8243;]<img decoding=\"async\" class=\"alignnone wp-image-5823 size-full\" src=\"http:\/\/kkp.kolomaz.sk\/wp-content\/uploads\/2021\/07\/kkp-ponuka-eventy_pas_prednasky.jpg\" alt=\"\" width=\"250\" height=\"100\">[\/vc_column_text][\/vc_column][vc_column width=&#8221;1\/4&#8243;][vc_column_text uncode_shortcode_id=&#8221;122593&#8243;]<img decoding=\"async\" class=\"alignnone wp-image-5820 size-full\" src=\"http:\/\/kkp.kolomaz.sk\/wp-content\/uploads\/2021\/07\/kkp-ponuka-eventy_pas_diskusie.jpg\" alt=\"\" width=\"250\" height=\"100\">[\/vc_column_text][\/vc_column][\/vc_row][vc_row][vc_column width=&#8221;1\/1&#8243;][vc_column_text]<\/p>\n<h5><strong>ART ON THE KEY<\/strong><\/h5>\n<p>[\/vc_column_text][\/vc_column][\/vc_row][vc_row][vc_column width=&#8221;1\/4&#8243;][vc_column_text uncode_shortcode_id=&#8221;119796&#8243;]<img decoding=\"async\" class=\"alignnone wp-image-5816 size-full\" src=\"http:\/\/kkp.kolomaz.sk\/wp-content\/uploads\/2021\/07\/kkp-ponuka-umenie-na-kluc_hudba.jpg\" alt=\"\" width=\"250\" height=\"100\">[\/vc_column_text][\/vc_column][vc_column width=&#8221;1\/4&#8243;][vc_column_text uncode_shortcode_id=&#8221;574723&#8243;]<img decoding=\"async\" class=\"alignnone wp-image-5815 size-full\" src=\"http:\/\/kkp.kolomaz.sk\/wp-content\/uploads\/2021\/07\/kkp-ponuka-umenie-na-kluc_divadlo.jpg\" alt=\"\" width=\"250\" height=\"100\">[\/vc_column_text][\/vc_column][vc_column width=&#8221;1\/4&#8243;][vc_column_text uncode_shortcode_id=&#8221;132818&#8243;]<img decoding=\"async\" class=\"alignnone wp-image-5818 size-full\" src=\"http:\/\/kkp.kolomaz.sk\/wp-content\/uploads\/2021\/07\/kkp-ponuka-umenie-na-kluc_vizual.jpg\" alt=\"\" width=\"250\" height=\"100\">[\/vc_column_text][\/vc_column][vc_column width=&#8221;1\/4&#8243;][vc_column_text uncode_shortcode_id=&#8221;641538&#8243;]<img decoding=\"async\" class=\"alignnone wp-image-5817 size-full\" src=\"http:\/\/kkp.kolomaz.sk\/wp-content\/uploads\/2021\/07\/kkp-ponuka-umenie-na-kluc_stream.jpg\" alt=\"\" width=\"250\" height=\"100\">[\/vc_column_text][\/vc_column][\/vc_row]<\/p>\n<\/div>","protected":false},"excerpt":{"rendered":"<p>[vc_row][vc_column width=&#8221;1\/1&#8243;][vc_custom_heading] Offer of services [\/vc_custom_heading][vc_column_text uncode_shortcode_id=&#8221;456661&#8243;]We have been providing sound and lighting for cultural and community events since 2005. [&hellip;]<\/p>\n","protected":false},"author":3,"featured_media":0,"parent":0,"menu_order":0,"comment_status":"closed","ping_status":"closed","template":"","meta":{"_acf_changed":false,"inline_featured_image":false,"footnotes":""},"class_list":["post-6313","page","type-page","status-publish","hentry"],"acf":[],"yoast_head":"<!-- This site is optimized with the Yoast SEO plugin v25.0 - https:\/\/yoast.com\/wordpress\/plugins\/seo\/ -->\n<title>Offer - Koloma\u017e<\/title>\n<meta name=\"robots\" content=\"index, follow, max-snippet:-1, max-image-preview:large, max-video-preview:-1\" \/>\n<link rel=\"canonical\" href=\"https:\/\/kkp.kolomaz.sk\/en\/offer\/\" \/>\n<meta property=\"og:locale\" content=\"en_US\" \/>\n<meta property=\"og:type\" content=\"article\" \/>\n<meta property=\"og:title\" content=\"Offer - Koloma\u017e\" \/>\n<meta property=\"og:description\" content=\"[vc_row][vc_column width=&#8221;1\/1&#8243;][vc_custom_heading] Offer of services [\/vc_custom_heading][vc_column_text uncode_shortcode_id=&#8221;456661&#8243;]We have been providing sound and lighting for cultural and community events since 2005. [&hellip;]\" \/>\n<meta property=\"og:url\" content=\"https:\/\/kkp.kolomaz.sk\/en\/offer\/\" \/>\n<meta property=\"og:site_name\" content=\"Koloma\u017e\" \/>\n<meta property=\"og:image\" content=\"https:\/\/kkp.kolomaz.sk\/wp-content\/uploads\/2023\/08\/DDS_fb_1200x630_orange_bordo.png\" \/>\n\t<meta property=\"og:image:width\" content=\"1200\" \/>\n\t<meta property=\"og:image:height\" content=\"630\" \/>\n\t<meta property=\"og:image:type\" content=\"image\/png\" \/>\n<meta name=\"twitter:card\" content=\"summary_large_image\" \/>\n<meta name=\"twitter:label1\" content=\"Est. reading time\" \/>\n\t<meta name=\"twitter:data1\" content=\"1 minute\" \/>\n<script type=\"application\/ld+json\" class=\"yoast-schema-graph\">{\"@context\":\"https:\/\/schema.org\",\"@graph\":[{\"@type\":\"WebPage\",\"@id\":\"https:\/\/kkp.kolomaz.sk\/en\/offer\/\",\"url\":\"https:\/\/kkp.kolomaz.sk\/en\/offer\/\",\"name\":\"Offer - Koloma\u017e\",\"isPartOf\":{\"@id\":\"https:\/\/kkp.kolomaz.sk\/en\/#website\"},\"primaryImageOfPage\":{\"@id\":\"https:\/\/kkp.kolomaz.sk\/en\/offer\/#primaryimage\"},\"image\":{\"@id\":\"https:\/\/kkp.kolomaz.sk\/en\/offer\/#primaryimage\"},\"thumbnailUrl\":\"http:\/\/kkp.kolomaz.sk\/wp-content\/uploads\/2023\/08\/DDS_fb_1200x630_orange_bordo-300x158.png\",\"datePublished\":\"2021-07-12T11:25:04+00:00\",\"breadcrumb\":{\"@id\":\"https:\/\/kkp.kolomaz.sk\/en\/offer\/#breadcrumb\"},\"inLanguage\":\"en-US\",\"potentialAction\":[{\"@type\":\"ReadAction\",\"target\":[\"https:\/\/kkp.kolomaz.sk\/en\/offer\/\"]}]},{\"@type\":\"ImageObject\",\"inLanguage\":\"en-US\",\"@id\":\"https:\/\/kkp.kolomaz.sk\/en\/offer\/#primaryimage\",\"url\":\"http:\/\/kkp.kolomaz.sk\/wp-content\/uploads\/2023\/08\/DDS_fb_1200x630_orange_bordo-300x158.png\",\"contentUrl\":\"http:\/\/kkp.kolomaz.sk\/wp-content\/uploads\/2023\/08\/DDS_fb_1200x630_orange_bordo-300x158.png\"},{\"@type\":\"BreadcrumbList\",\"@id\":\"https:\/\/kkp.kolomaz.sk\/en\/offer\/#breadcrumb\",\"itemListElement\":[{\"@type\":\"ListItem\",\"position\":1,\"name\":\"Home\",\"item\":\"https:\/\/kkp.kolomaz.sk\/en\/about-us\/\"},{\"@type\":\"ListItem\",\"position\":2,\"name\":\"Offer\"}]},{\"@type\":\"WebSite\",\"@id\":\"https:\/\/kkp.kolomaz.sk\/en\/#website\",\"url\":\"https:\/\/kkp.kolomaz.sk\/en\/\",\"name\":\"Koloma\u017e\",\"description\":\"V\u00e1\u0161 event partner\",\"potentialAction\":[{\"@type\":\"SearchAction\",\"target\":{\"@type\":\"EntryPoint\",\"urlTemplate\":\"https:\/\/kkp.kolomaz.sk\/en\/?s={search_term_string}\"},\"query-input\":{\"@type\":\"PropertyValueSpecification\",\"valueRequired\":true,\"valueName\":\"search_term_string\"}}],\"inLanguage\":\"en-US\"}]}<\/script>\n<!-- \/ Yoast SEO plugin. -->","yoast_head_json":{"title":"Offer - Koloma\u017e","robots":{"index":"index","follow":"follow","max-snippet":"max-snippet:-1","max-image-preview":"max-image-preview:large","max-video-preview":"max-video-preview:-1"},"canonical":"https:\/\/kkp.kolomaz.sk\/en\/offer\/","og_locale":"en_US","og_type":"article","og_title":"Offer - Koloma\u017e","og_description":"[vc_row][vc_column width=&#8221;1\/1&#8243;][vc_custom_heading] Offer of services [\/vc_custom_heading][vc_column_text uncode_shortcode_id=&#8221;456661&#8243;]We have been providing sound and lighting for cultural and community events since 2005. [&hellip;]","og_url":"https:\/\/kkp.kolomaz.sk\/en\/offer\/","og_site_name":"Koloma\u017e","og_image":[{"width":1200,"height":630,"url":"https:\/\/kkp.kolomaz.sk\/wp-content\/uploads\/2023\/08\/DDS_fb_1200x630_orange_bordo.png","type":"image\/png"}],"twitter_card":"summary_large_image","twitter_misc":{"Est. reading time":"1 minute"},"schema":{"@context":"https:\/\/schema.org","@graph":[{"@type":"WebPage","@id":"https:\/\/kkp.kolomaz.sk\/en\/offer\/","url":"https:\/\/kkp.kolomaz.sk\/en\/offer\/","name":"Offer - Koloma\u017e","isPartOf":{"@id":"https:\/\/kkp.kolomaz.sk\/en\/#website"},"primaryImageOfPage":{"@id":"https:\/\/kkp.kolomaz.sk\/en\/offer\/#primaryimage"},"image":{"@id":"https:\/\/kkp.kolomaz.sk\/en\/offer\/#primaryimage"},"thumbnailUrl":"http:\/\/kkp.kolomaz.sk\/wp-content\/uploads\/2023\/08\/DDS_fb_1200x630_orange_bordo-300x158.png","datePublished":"2021-07-12T11:25:04+00:00","breadcrumb":{"@id":"https:\/\/kkp.kolomaz.sk\/en\/offer\/#breadcrumb"},"inLanguage":"en-US","potentialAction":[{"@type":"ReadAction","target":["https:\/\/kkp.kolomaz.sk\/en\/offer\/"]}]},{"@type":"ImageObject","inLanguage":"en-US","@id":"https:\/\/kkp.kolomaz.sk\/en\/offer\/#primaryimage","url":"http:\/\/kkp.kolomaz.sk\/wp-content\/uploads\/2023\/08\/DDS_fb_1200x630_orange_bordo-300x158.png","contentUrl":"http:\/\/kkp.kolomaz.sk\/wp-content\/uploads\/2023\/08\/DDS_fb_1200x630_orange_bordo-300x158.png"},{"@type":"BreadcrumbList","@id":"https:\/\/kkp.kolomaz.sk\/en\/offer\/#breadcrumb","itemListElement":[{"@type":"ListItem","position":1,"name":"Home","item":"https:\/\/kkp.kolomaz.sk\/en\/about-us\/"},{"@type":"ListItem","position":2,"name":"Offer"}]},{"@type":"WebSite","@id":"https:\/\/kkp.kolomaz.sk\/en\/#website","url":"https:\/\/kkp.kolomaz.sk\/en\/","name":"Koloma\u017e","description":"V\u00e1\u0161 event partner","potentialAction":[{"@type":"SearchAction","target":{"@type":"EntryPoint","urlTemplate":"https:\/\/kkp.kolomaz.sk\/en\/?s={search_term_string}"},"query-input":{"@type":"PropertyValueSpecification","valueRequired":true,"valueName":"search_term_string"}}],"inLanguage":"en-US"}]}},"_links":{"self":[{"href":"https:\/\/kkp.kolomaz.sk\/en\/wp-json\/wp\/v2\/pages\/6313","targetHints":{"allow":["GET"]}}],"collection":[{"href":"https:\/\/kkp.kolomaz.sk\/en\/wp-json\/wp\/v2\/pages"}],"about":[{"href":"https:\/\/kkp.kolomaz.sk\/en\/wp-json\/wp\/v2\/types\/page"}],"author":[{"embeddable":true,"href":"https:\/\/kkp.kolomaz.sk\/en\/wp-json\/wp\/v2\/users\/3"}],"replies":[{"embeddable":true,"href":"https:\/\/kkp.kolomaz.sk\/en\/wp-json\/wp\/v2\/comments?post=6313"}],"version-history":[{"count":0,"href":"https:\/\/kkp.kolomaz.sk\/en\/wp-json\/wp\/v2\/pages\/6313\/revisions"}],"wp:attachment":[{"href":"https:\/\/kkp.kolomaz.sk\/en\/wp-json\/wp\/v2\/media?parent=6313"}],"curies":[{"name":"wp","href":"https:\/\/api.w.org\/{rel}","templated":true}]}}