{"id":6314,"date":"2020-04-14T16:55:28","date_gmt":"2020-04-14T14:55:28","guid":{"rendered":"https:\/\/kkp.kolomaz.sk\/about-us\/"},"modified":"2020-04-14T16:55:28","modified_gmt":"2020-04-14T14:55:28","slug":"about-us","status":"publish","type":"page","link":"https:\/\/kkp.kolomaz.sk\/en\/","title":{"rendered":"About us"},"content":{"rendered":"<div class=\"wpb-content-wrapper\"><p>[vc_row][vc_column][vc_custom_heading]<\/p>\n<h3>About us<\/h3>\n<p>[\/vc_custom_heading][vc_column_text]We focus on the creation and implementation of cultural and social events in the cultural and creative industries. We offer a wide range of services in the organization of events and artistic events, from the creation of an idea and scenario, addressing and participation of artists to the actual implementation in unconventional spaces with an unconventional experience. We also offer services related to complete event management.<\/p>\n<p>For more information, please see the <a href=\"https:\/\/kkp.kolomaz.sk\/ponuka\/\">OFFER<\/a> section[\/vc_column_text][\/vc_column][\/vc_row]<\/p>\n<\/div>","protected":false},"excerpt":{"rendered":"<p>[vc_row][vc_column][vc_custom_heading] About us [\/vc_custom_heading][vc_column_text]We focus on the creation and implementation of cultural and social events in the cultural and creative [&hellip;]<\/p>\n","protected":false},"author":4,"featured_media":0,"parent":0,"menu_order":0,"comment_status":"closed","ping_status":"closed","template":"","meta":{"_acf_changed":false,"inline_featured_image":false,"footnotes":""},"class_list":["post-6314","page","type-page","status-publish","hentry"],"acf":[],"yoast_head":"<!-- This site is optimized with the Yoast SEO plugin v25.0 - https:\/\/yoast.com\/wordpress\/plugins\/seo\/ -->\n<title>About us - Koloma\u017e<\/title>\n<meta name=\"robots\" content=\"index, follow, max-snippet:-1, max-image-preview:large, max-video-preview:-1\" \/>\n<link rel=\"canonical\" href=\"https:\/\/kkp.kolomaz.sk\/en\/\" \/>\n<meta property=\"og:locale\" content=\"en_US\" \/>\n<meta property=\"og:type\" content=\"article\" \/>\n<meta property=\"og:title\" content=\"About us - Koloma\u017e\" \/>\n<meta property=\"og:description\" content=\"[vc_row][vc_column][vc_custom_heading] About us [\/vc_custom_heading][vc_column_text]We focus on the creation and implementation of cultural and social events in the cultural and creative [&hellip;]\" \/>\n<meta property=\"og:url\" content=\"https:\/\/kkp.kolomaz.sk\/en\/\" \/>\n<meta property=\"og:site_name\" content=\"Koloma\u017e\" \/>\n<meta name=\"twitter:card\" content=\"summary_large_image\" \/>\n<script type=\"application\/ld+json\" class=\"yoast-schema-graph\">{\"@context\":\"https:\/\/schema.org\",\"@graph\":[{\"@type\":\"WebPage\",\"@id\":\"https:\/\/kkp.kolomaz.sk\/en\/\",\"url\":\"https:\/\/kkp.kolomaz.sk\/en\/\",\"name\":\"About us - Koloma\u017e\",\"isPartOf\":{\"@id\":\"https:\/\/kkp.kolomaz.sk\/en\/#website\"},\"datePublished\":\"2020-04-14T14:55:28+00:00\",\"breadcrumb\":{\"@id\":\"https:\/\/kkp.kolomaz.sk\/en\/#breadcrumb\"},\"inLanguage\":\"en-US\",\"potentialAction\":[{\"@type\":\"ReadAction\",\"target\":[\"https:\/\/kkp.kolomaz.sk\/en\/\"]}]},{\"@type\":\"BreadcrumbList\",\"@id\":\"https:\/\/kkp.kolomaz.sk\/en\/#breadcrumb\",\"itemListElement\":[{\"@type\":\"ListItem\",\"position\":1,\"name\":\"Home\",\"item\":\"https:\/\/kkp.kolomaz.sk\/en\/about-us\/\"},{\"@type\":\"ListItem\",\"position\":2,\"name\":\"About us\"}]},{\"@type\":\"WebSite\",\"@id\":\"https:\/\/kkp.kolomaz.sk\/en\/#website\",\"url\":\"https:\/\/kkp.kolomaz.sk\/en\/\",\"name\":\"Koloma\u017e\",\"description\":\"V\u00e1\u0161 event partner\",\"potentialAction\":[{\"@type\":\"SearchAction\",\"target\":{\"@type\":\"EntryPoint\",\"urlTemplate\":\"https:\/\/kkp.kolomaz.sk\/en\/?s={search_term_string}\"},\"query-input\":{\"@type\":\"PropertyValueSpecification\",\"valueRequired\":true,\"valueName\":\"search_term_string\"}}],\"inLanguage\":\"en-US\"}]}<\/script>\n<!-- \/ Yoast SEO plugin. -->","yoast_head_json":{"title":"About us - Koloma\u017e","robots":{"index":"index","follow":"follow","max-snippet":"max-snippet:-1","max-image-preview":"max-image-preview:large","max-video-preview":"max-video-preview:-1"},"canonical":"https:\/\/kkp.kolomaz.sk\/en\/","og_locale":"en_US","og_type":"article","og_title":"About us - Koloma\u017e","og_description":"[vc_row][vc_column][vc_custom_heading] About us [\/vc_custom_heading][vc_column_text]We focus on the creation and implementation of cultural and social events in the cultural and creative [&hellip;]","og_url":"https:\/\/kkp.kolomaz.sk\/en\/","og_site_name":"Koloma\u017e","twitter_card":"summary_large_image","schema":{"@context":"https:\/\/schema.org","@graph":[{"@type":"WebPage","@id":"https:\/\/kkp.kolomaz.sk\/en\/","url":"https:\/\/kkp.kolomaz.sk\/en\/","name":"About us - Koloma\u017e","isPartOf":{"@id":"https:\/\/kkp.kolomaz.sk\/en\/#website"},"datePublished":"2020-04-14T14:55:28+00:00","breadcrumb":{"@id":"https:\/\/kkp.kolomaz.sk\/en\/#breadcrumb"},"inLanguage":"en-US","potentialAction":[{"@type":"ReadAction","target":["https:\/\/kkp.kolomaz.sk\/en\/"]}]},{"@type":"BreadcrumbList","@id":"https:\/\/kkp.kolomaz.sk\/en\/#breadcrumb","itemListElement":[{"@type":"ListItem","position":1,"name":"Home","item":"https:\/\/kkp.kolomaz.sk\/en\/about-us\/"},{"@type":"ListItem","position":2,"name":"About us"}]},{"@type":"WebSite","@id":"https:\/\/kkp.kolomaz.sk\/en\/#website","url":"https:\/\/kkp.kolomaz.sk\/en\/","name":"Koloma\u017e","description":"V\u00e1\u0161 event partner","potentialAction":[{"@type":"SearchAction","target":{"@type":"EntryPoint","urlTemplate":"https:\/\/kkp.kolomaz.sk\/en\/?s={search_term_string}"},"query-input":{"@type":"PropertyValueSpecification","valueRequired":true,"valueName":"search_term_string"}}],"inLanguage":"en-US"}]}},"_links":{"self":[{"href":"https:\/\/kkp.kolomaz.sk\/en\/wp-json\/wp\/v2\/pages\/6314","targetHints":{"allow":["GET"]}}],"collection":[{"href":"https:\/\/kkp.kolomaz.sk\/en\/wp-json\/wp\/v2\/pages"}],"about":[{"href":"https:\/\/kkp.kolomaz.sk\/en\/wp-json\/wp\/v2\/types\/page"}],"author":[{"embeddable":true,"href":"https:\/\/kkp.kolomaz.sk\/en\/wp-json\/wp\/v2\/users\/4"}],"replies":[{"embeddable":true,"href":"https:\/\/kkp.kolomaz.sk\/en\/wp-json\/wp\/v2\/comments?post=6314"}],"version-history":[{"count":0,"href":"https:\/\/kkp.kolomaz.sk\/en\/wp-json\/wp\/v2\/pages\/6314\/revisions"}],"wp:attachment":[{"href":"https:\/\/kkp.kolomaz.sk\/en\/wp-json\/wp\/v2\/media?parent=6314"}],"curies":[{"name":"wp","href":"https:\/\/api.w.org\/{rel}","templated":true}]}}