{"id":6318,"date":"2023-08-15T13:45:55","date_gmt":"2023-08-15T11:45:55","guid":{"rendered":"https:\/\/kkp.kolomaz.sk\/drama-studio-company\/"},"modified":"2023-08-15T13:45:55","modified_gmt":"2023-08-15T11:45:55","slug":"drama-studio-company","status":"publish","type":"page","link":"https:\/\/kkp.kolomaz.sk\/en\/drama-studio-company\/","title":{"rendered":"Drama Studio Company"},"content":{"rendered":"<div class=\"wpb-content-wrapper\"><p>[vc_row][vc_column width=&#8221;1\/1&#8243;][vc_custom_heading heading_semantic=&#8221;h3&#8243; text_size=&#8221;h3&#8243; uncode_shortcode_id=&#8221;157691&#8243;]Drama Studio Company[\/vc_custom_heading][\/vc_column][\/vc_row][vc_row][vc_column width=&#8221;1\/1&#8243;][vc_gallery el_id=&#8221;gallery-133798&#8243; medias=&#8221;6005,6004,6003,6002,6001,6000,5999,5998,5997,5996,5995,5994&#8243; gutter_size=&#8221;3&#8243; screen_lg=&#8221;1000&#8243; screen_md=&#8221;600&#8243; screen_sm=&#8221;480&#8243; single_overlay_opacity=&#8221;50&#8243; single_padding=&#8221;2&#8243; uncode_shortcode_id=&#8221;153331&#8243;][\/vc_column][\/vc_row]<\/p>\n<\/div>","protected":false},"excerpt":{"rendered":"<p>[vc_row][vc_column width=&#8221;1\/1&#8243;][vc_custom_heading heading_semantic=&#8221;h3&#8243; text_size=&#8221;h3&#8243; uncode_shortcode_id=&#8221;157691&#8243;]Drama Studio Company[\/vc_custom_heading][\/vc_column][\/vc_row][vc_row][vc_column width=&#8221;1\/1&#8243;][vc_gallery el_id=&#8221;gallery-133798&#8243; medias=&#8221;6005,6004,6003,6002,6001,6000,5999,5998,5997,5996,5995,5994&#8243; gutter_size=&#8221;3&#8243; screen_lg=&#8221;1000&#8243; screen_md=&#8221;600&#8243; screen_sm=&#8221;480&#8243; single_overlay_opacity=&#8221;50&#8243; single_padding=&#8221;2&#8243; uncode_shortcode_id=&#8221;153331&#8243;][\/vc_column][\/vc_row]<\/p>\n","protected":false},"author":4,"featured_media":0,"parent":0,"menu_order":0,"comment_status":"closed","ping_status":"closed","template":"","meta":{"_acf_changed":false,"inline_featured_image":false,"footnotes":""},"class_list":["post-6318","page","type-page","status-publish","hentry"],"acf":[],"yoast_head":"<!-- This site is optimized with the Yoast SEO plugin v25.0 - https:\/\/yoast.com\/wordpress\/plugins\/seo\/ -->\n<title>Drama Studio Company - Koloma\u017e<\/title>\n<meta name=\"robots\" content=\"index, follow, max-snippet:-1, max-image-preview:large, max-video-preview:-1\" \/>\n<link rel=\"canonical\" href=\"https:\/\/kkp.kolomaz.sk\/en\/drama-studio-company\/\" \/>\n<meta property=\"og:locale\" content=\"en_US\" \/>\n<meta property=\"og:type\" content=\"article\" \/>\n<meta property=\"og:title\" content=\"Drama Studio Company - Koloma\u017e\" \/>\n<meta property=\"og:description\" content=\"[vc_row][vc_column width=&#8221;1\/1&#8243;][vc_custom_heading heading_semantic=&#8221;h3&#8243; text_size=&#8221;h3&#8243; uncode_shortcode_id=&#8221;157691&#8243;]Drama Studio Company[\/vc_custom_heading][\/vc_column][\/vc_row][vc_row][vc_column width=&#8221;1\/1&#8243;][vc_gallery el_id=&#8221;gallery-133798&#8243; medias=&#8221;6005,6004,6003,6002,6001,6000,5999,5998,5997,5996,5995,5994&#8243; gutter_size=&#8221;3&#8243; screen_lg=&#8221;1000&#8243; screen_md=&#8221;600&#8243; screen_sm=&#8221;480&#8243; single_overlay_opacity=&#8221;50&#8243; single_padding=&#8221;2&#8243; uncode_shortcode_id=&#8221;153331&#8243;][\/vc_column][\/vc_row]\" \/>\n<meta property=\"og:url\" content=\"https:\/\/kkp.kolomaz.sk\/en\/drama-studio-company\/\" \/>\n<meta property=\"og:site_name\" content=\"Koloma\u017e\" \/>\n<meta name=\"twitter:card\" content=\"summary_large_image\" \/>\n<script type=\"application\/ld+json\" class=\"yoast-schema-graph\">{\"@context\":\"https:\/\/schema.org\",\"@graph\":[{\"@type\":\"WebPage\",\"@id\":\"https:\/\/kkp.kolomaz.sk\/en\/drama-studio-company\/\",\"url\":\"https:\/\/kkp.kolomaz.sk\/en\/drama-studio-company\/\",\"name\":\"Drama Studio Company - Koloma\u017e\",\"isPartOf\":{\"@id\":\"https:\/\/kkp.kolomaz.sk\/en\/#website\"},\"datePublished\":\"2023-08-15T11:45:55+00:00\",\"breadcrumb\":{\"@id\":\"https:\/\/kkp.kolomaz.sk\/en\/drama-studio-company\/#breadcrumb\"},\"inLanguage\":\"en-US\",\"potentialAction\":[{\"@type\":\"ReadAction\",\"target\":[\"https:\/\/kkp.kolomaz.sk\/en\/drama-studio-company\/\"]}]},{\"@type\":\"BreadcrumbList\",\"@id\":\"https:\/\/kkp.kolomaz.sk\/en\/drama-studio-company\/#breadcrumb\",\"itemListElement\":[{\"@type\":\"ListItem\",\"position\":1,\"name\":\"Home\",\"item\":\"https:\/\/kkp.kolomaz.sk\/en\/about-us\/\"},{\"@type\":\"ListItem\",\"position\":2,\"name\":\"Drama Studio Company\"}]},{\"@type\":\"WebSite\",\"@id\":\"https:\/\/kkp.kolomaz.sk\/en\/#website\",\"url\":\"https:\/\/kkp.kolomaz.sk\/en\/\",\"name\":\"Koloma\u017e\",\"description\":\"V\u00e1\u0161 event partner\",\"potentialAction\":[{\"@type\":\"SearchAction\",\"target\":{\"@type\":\"EntryPoint\",\"urlTemplate\":\"https:\/\/kkp.kolomaz.sk\/en\/?s={search_term_string}\"},\"query-input\":{\"@type\":\"PropertyValueSpecification\",\"valueRequired\":true,\"valueName\":\"search_term_string\"}}],\"inLanguage\":\"en-US\"}]}<\/script>\n<!-- \/ Yoast SEO plugin. -->","yoast_head_json":{"title":"Drama Studio Company - Koloma\u017e","robots":{"index":"index","follow":"follow","max-snippet":"max-snippet:-1","max-image-preview":"max-image-preview:large","max-video-preview":"max-video-preview:-1"},"canonical":"https:\/\/kkp.kolomaz.sk\/en\/drama-studio-company\/","og_locale":"en_US","og_type":"article","og_title":"Drama Studio Company - Koloma\u017e","og_description":"[vc_row][vc_column width=&#8221;1\/1&#8243;][vc_custom_heading heading_semantic=&#8221;h3&#8243; text_size=&#8221;h3&#8243; uncode_shortcode_id=&#8221;157691&#8243;]Drama Studio Company[\/vc_custom_heading][\/vc_column][\/vc_row][vc_row][vc_column width=&#8221;1\/1&#8243;][vc_gallery el_id=&#8221;gallery-133798&#8243; medias=&#8221;6005,6004,6003,6002,6001,6000,5999,5998,5997,5996,5995,5994&#8243; gutter_size=&#8221;3&#8243; screen_lg=&#8221;1000&#8243; screen_md=&#8221;600&#8243; screen_sm=&#8221;480&#8243; single_overlay_opacity=&#8221;50&#8243; single_padding=&#8221;2&#8243; uncode_shortcode_id=&#8221;153331&#8243;][\/vc_column][\/vc_row]","og_url":"https:\/\/kkp.kolomaz.sk\/en\/drama-studio-company\/","og_site_name":"Koloma\u017e","twitter_card":"summary_large_image","schema":{"@context":"https:\/\/schema.org","@graph":[{"@type":"WebPage","@id":"https:\/\/kkp.kolomaz.sk\/en\/drama-studio-company\/","url":"https:\/\/kkp.kolomaz.sk\/en\/drama-studio-company\/","name":"Drama Studio Company - Koloma\u017e","isPartOf":{"@id":"https:\/\/kkp.kolomaz.sk\/en\/#website"},"datePublished":"2023-08-15T11:45:55+00:00","breadcrumb":{"@id":"https:\/\/kkp.kolomaz.sk\/en\/drama-studio-company\/#breadcrumb"},"inLanguage":"en-US","potentialAction":[{"@type":"ReadAction","target":["https:\/\/kkp.kolomaz.sk\/en\/drama-studio-company\/"]}]},{"@type":"BreadcrumbList","@id":"https:\/\/kkp.kolomaz.sk\/en\/drama-studio-company\/#breadcrumb","itemListElement":[{"@type":"ListItem","position":1,"name":"Home","item":"https:\/\/kkp.kolomaz.sk\/en\/about-us\/"},{"@type":"ListItem","position":2,"name":"Drama Studio Company"}]},{"@type":"WebSite","@id":"https:\/\/kkp.kolomaz.sk\/en\/#website","url":"https:\/\/kkp.kolomaz.sk\/en\/","name":"Koloma\u017e","description":"V\u00e1\u0161 event partner","potentialAction":[{"@type":"SearchAction","target":{"@type":"EntryPoint","urlTemplate":"https:\/\/kkp.kolomaz.sk\/en\/?s={search_term_string}"},"query-input":{"@type":"PropertyValueSpecification","valueRequired":true,"valueName":"search_term_string"}}],"inLanguage":"en-US"}]}},"_links":{"self":[{"href":"https:\/\/kkp.kolomaz.sk\/en\/wp-json\/wp\/v2\/pages\/6318","targetHints":{"allow":["GET"]}}],"collection":[{"href":"https:\/\/kkp.kolomaz.sk\/en\/wp-json\/wp\/v2\/pages"}],"about":[{"href":"https:\/\/kkp.kolomaz.sk\/en\/wp-json\/wp\/v2\/types\/page"}],"author":[{"embeddable":true,"href":"https:\/\/kkp.kolomaz.sk\/en\/wp-json\/wp\/v2\/users\/4"}],"replies":[{"embeddable":true,"href":"https:\/\/kkp.kolomaz.sk\/en\/wp-json\/wp\/v2\/comments?post=6318"}],"version-history":[{"count":0,"href":"https:\/\/kkp.kolomaz.sk\/en\/wp-json\/wp\/v2\/pages\/6318\/revisions"}],"wp:attachment":[{"href":"https:\/\/kkp.kolomaz.sk\/en\/wp-json\/wp\/v2\/media?parent=6318"}],"curies":[{"name":"wp","href":"https:\/\/api.w.org\/{rel}","templated":true}]}}